{"id":59523,"date":"2019-09-19T06:49:00","date_gmt":"2019-09-19T06:49:00","guid":{"rendered":"https:\/\/seminaritaifa.org\/?page_id=59523"},"modified":"2025-12-06T11:05:53","modified_gmt":"2025-12-06T11:05:53","slug":"cursos","status":"publish","type":"page","link":"https:\/\/seminaritaifa.org\/taifa\/cursos\/","title":{"rendered":"Cursos"},"content":{"rendered":"\n<p class=\"has-large-font-size\"><strong>Cursos<\/strong><\/p>\n\n\n\n<p>El seminari Taifa ofereix dos tipus d&#8217;activitats. Per  una banda oferim cursos d&#8217;entre 5 i 7 sessions amb la voluntat  d&#8217;aprofundir en el coneixement de la realitat econ\u00f2mica que ens envolta.  <\/p>\n\n\n\n<p>Aquest any oferirem el curs &#8220;Per entendre el capitalisme&#8221;  el curs  &#8220;Reflexionant sobre les alternatives&#8221; i El municipalisme comunalista. Proc\u00e9s cap a una alternativa al capitalisme.  Per altra banda, seguim  organitzant els seminaris o grups de treball que tenen una durada m\u00e9s  llarga i que en bona mesura es basen en un proc\u00e9s d&#8217;autoformaci\u00f3  col\u00b7lectiva conjuntament amb els altres participants.<\/p>\n\n\n\n<p>Els cursos estan destinats a servir d&#8217;eines d&#8217;an\u00e0lisi a les  persones inquietes socialment, aix\u00ed com als moviments socials en general  o les assemblees i col\u00b7lectius pol\u00edtics. La voluntat de socialitzar el  coneixement, en aquest cas econ\u00f2mic, \u00e9s una de les bases del seminari  Taifa.<\/p>\n\n\n\n<p>Aquests consisteixen en una s\u00e8rie de sessions (entre 5 i 7) pensades perqu\u00e8 els  assistents vagin desenvolupant progressivament els conceptes necessaris  per entendre i interpretar la situaci\u00f3 econ\u00f2mica, social i pol\u00edtica  actual.<\/p>\n\n\n\n<p>Cada sessi\u00f3 consistir\u00e0 en una explicaci\u00f3 per part d&#8217;un ponent del  seminari Taifa de 45-60 minuts, acompanyada normalment d&#8217;una presentaci\u00f3  gr\u00e0fica per facilitar el plantejament i comprensi\u00f3 del tema exposat. A  continuaci\u00f3 es far\u00e0 un torn obert de paraules i debat. Es proporcionar\u00e0  documentaci\u00f3 per a preparar els cursos.<\/p>\n\n\n\n<h2 class=\"wp-block-heading\">Propers cursos<\/h2>\n\n\n\n<figure class=\"wp-block-gallery has-nested-images columns-default is-cropped wp-block-gallery-1 is-layout-flex wp-block-gallery-is-layout-flex\">\n<figure class=\"wp-block-image size-large\"><img loading=\"lazy\" decoding=\"async\" width=\"600\" height=\"200\" data-id=\"61562\" src=\"https:\/\/seminaritaifa.org\/taifa\/wp-content\/uploads\/2025\/12\/oder-i-nergia2.png\" alt=\"\" class=\"wp-image-61562\" srcset=\"https:\/\/seminaritaifa.org\/taifa\/wp-content\/uploads\/2025\/12\/oder-i-nergia2.png 600w, https:\/\/seminaritaifa.org\/taifa\/wp-content\/uploads\/2025\/12\/oder-i-nergia2-300x100.png 300w\" sizes=\"auto, (max-width: 600px) 100vw, 600px\" \/><\/figure>\n<\/figure>\n\n\n\n<ul class=\"wp-block-list\">\n<li>16, 23 i 30 de gener a Barcelona.<\/li>\n\n\n\n<li>Hora: 19h<\/li>\n\n\n\n<li>Preu: 20\u20ac<\/li>\n\n\n\n<li>Adre\u00e7a: Lleialtat Santsenca, Carrer d&#8217;Olzinelles, 31, Barcelona<\/li>\n<\/ul>\n\n\n\n<div class=\"wp-block-buttons is-content-justification-center is-layout-flex wp-container-core-buttons-is-layout-16018d1d wp-block-buttons-is-layout-flex\">\n<div class=\"wp-block-button\"><a class=\"wp-block-button__link wp-element-button\" href=\"https:\/\/framaforms.org\/energia-i-poder-1761501736\"><strong>INSCRIPCIONS<\/strong><\/a><\/div>\n<\/div>\n\n\n\n<p><\/p>\n\n\n\n<h2 class=\"wp-block-heading\">Volen demanar-nos m\u00e9s cursos?<\/h2>\n\n\n\n<div class=\"wp-block-columns is-layout-flex wp-container-core-columns-is-layout-9d6595d7 wp-block-columns-is-layout-flex\">\n<div class=\"wp-block-column is-layout-flow wp-block-column-is-layout-flow\" style=\"flex-basis:100%\">\n<div class=\"wp-block-group is-vertical is-layout-flex wp-container-core-group-is-layout-8cf370e7 wp-block-group-is-layout-flex\">\n<div class=\"wp-block-columns is-layout-flex wp-container-core-columns-is-layout-9d6595d7 wp-block-columns-is-layout-flex\">\n<div class=\"wp-block-column is-layout-flow wp-block-column-is-layout-flow\" style=\"flex-basis:100%\">\n<figure class=\"wp-block-gallery has-nested-images columns-default is-cropped wp-block-gallery-2 is-layout-flex wp-block-gallery-is-layout-flex\">\n<figure class=\"wp-block-image size-large\"><img loading=\"lazy\" decoding=\"async\" width=\"800\" height=\"800\" data-id=\"61468\" src=\"https:\/\/seminaritaifa.org\/taifa\/wp-content\/uploads\/2024\/10\/1_142.png\" alt=\"\" class=\"wp-image-61468\" srcset=\"https:\/\/seminaritaifa.org\/taifa\/wp-content\/uploads\/2024\/10\/1_142.png 800w, https:\/\/seminaritaifa.org\/taifa\/wp-content\/uploads\/2024\/10\/1_142-300x300.png 300w, https:\/\/seminaritaifa.org\/taifa\/wp-content\/uploads\/2024\/10\/1_142-80x80.png 80w, https:\/\/seminaritaifa.org\/taifa\/wp-content\/uploads\/2024\/10\/1_142-768x768.png 768w, https:\/\/seminaritaifa.org\/taifa\/wp-content\/uploads\/2024\/10\/1_142-36x36.png 36w, https:\/\/seminaritaifa.org\/taifa\/wp-content\/uploads\/2024\/10\/1_142-180x180.png 180w, https:\/\/seminaritaifa.org\/taifa\/wp-content\/uploads\/2024\/10\/1_142-705x705.png 705w\" sizes=\"auto, (max-width: 800px) 100vw, 800px\" \/><\/figure>\n\n\n\n<figure class=\"wp-block-image size-large\"><img loading=\"lazy\" decoding=\"async\" width=\"800\" height=\"800\" data-id=\"61469\" src=\"https:\/\/seminaritaifa.org\/taifa\/wp-content\/uploads\/2024\/10\/1_15.png\" alt=\"\" class=\"wp-image-61469\" srcset=\"https:\/\/seminaritaifa.org\/taifa\/wp-content\/uploads\/2024\/10\/1_15.png 800w, https:\/\/seminaritaifa.org\/taifa\/wp-content\/uploads\/2024\/10\/1_15-300x300.png 300w, https:\/\/seminaritaifa.org\/taifa\/wp-content\/uploads\/2024\/10\/1_15-80x80.png 80w, https:\/\/seminaritaifa.org\/taifa\/wp-content\/uploads\/2024\/10\/1_15-768x768.png 768w, https:\/\/seminaritaifa.org\/taifa\/wp-content\/uploads\/2024\/10\/1_15-36x36.png 36w, https:\/\/seminaritaifa.org\/taifa\/wp-content\/uploads\/2024\/10\/1_15-180x180.png 180w, https:\/\/seminaritaifa.org\/taifa\/wp-content\/uploads\/2024\/10\/1_15-705x705.png 705w\" sizes=\"auto, (max-width: 800px) 100vw, 800px\" \/><\/figure>\n\n\n\n<figure class=\"wp-block-image size-large\"><img loading=\"lazy\" decoding=\"async\" width=\"800\" height=\"800\" data-id=\"61470\" src=\"https:\/\/seminaritaifa.org\/taifa\/wp-content\/uploads\/2024\/10\/Cursos-2019-20204.jpg\" alt=\"\" class=\"wp-image-61470\" srcset=\"https:\/\/seminaritaifa.org\/taifa\/wp-content\/uploads\/2024\/10\/Cursos-2019-20204.jpg 800w, https:\/\/seminaritaifa.org\/taifa\/wp-content\/uploads\/2024\/10\/Cursos-2019-20204-300x300.jpg 300w, https:\/\/seminaritaifa.org\/taifa\/wp-content\/uploads\/2024\/10\/Cursos-2019-20204-80x80.jpg 80w, https:\/\/seminaritaifa.org\/taifa\/wp-content\/uploads\/2024\/10\/Cursos-2019-20204-768x768.jpg 768w, https:\/\/seminaritaifa.org\/taifa\/wp-content\/uploads\/2024\/10\/Cursos-2019-20204-36x36.jpg 36w, https:\/\/seminaritaifa.org\/taifa\/wp-content\/uploads\/2024\/10\/Cursos-2019-20204-180x180.jpg 180w, https:\/\/seminaritaifa.org\/taifa\/wp-content\/uploads\/2024\/10\/Cursos-2019-20204-705x705.jpg 705w\" sizes=\"auto, (max-width: 800px) 100vw, 800px\" \/><\/figure>\n\n\n\n<figure class=\"wp-block-image size-large\"><img loading=\"lazy\" decoding=\"async\" width=\"800\" height=\"800\" data-id=\"61467\" src=\"https:\/\/seminaritaifa.org\/taifa\/wp-content\/uploads\/2024\/10\/1_16.png\" alt=\"\" class=\"wp-image-61467\" srcset=\"https:\/\/seminaritaifa.org\/taifa\/wp-content\/uploads\/2024\/10\/1_16.png 800w, https:\/\/seminaritaifa.org\/taifa\/wp-content\/uploads\/2024\/10\/1_16-300x300.png 300w, https:\/\/seminaritaifa.org\/taifa\/wp-content\/uploads\/2024\/10\/1_16-80x80.png 80w, https:\/\/seminaritaifa.org\/taifa\/wp-content\/uploads\/2024\/10\/1_16-768x768.png 768w, https:\/\/seminaritaifa.org\/taifa\/wp-content\/uploads\/2024\/10\/1_16-36x36.png 36w, https:\/\/seminaritaifa.org\/taifa\/wp-content\/uploads\/2024\/10\/1_16-180x180.png 180w, https:\/\/seminaritaifa.org\/taifa\/wp-content\/uploads\/2024\/10\/1_16-705x705.png 705w\" sizes=\"auto, (max-width: 800px) 100vw, 800px\" \/><\/figure>\n<\/figure>\n<\/div>\n<\/div>\n<\/div>\n<\/div>\n<\/div>\n\n\n<div class=\"wp-block-jetpack-contact-form is-layout-flex wp-container-jetpack-contact-form-is-layout-faa3ad1c wp-block-jetpack-contact-form-is-layout-flex\"><a href=\"https:\/\/seminaritaifa.org\/taifa\/cursos\/\" target=\"_blank\" rel=\"noopener noreferrer\">Envia un formulari.<\/a><\/div>","protected":false},"excerpt":{"rendered":"<p>Cursos El seminari Taifa ofereix dos tipus d&#8217;activitats. Per una banda oferim cursos d&#8217;entre 5 i 7 sessions amb la voluntat d&#8217;aprofundir en el coneixement de la realitat econ\u00f2mica que ens envolta. Aquest any oferirem el curs &#8220;Per entendre el capitalisme&#8221; el curs &#8220;Reflexionant sobre les alternatives&#8221; i El municipalisme comunalista. Proc\u00e9s cap a una [&hellip;]<\/p>\n","protected":false},"author":5,"featured_media":0,"parent":0,"menu_order":0,"comment_status":"closed","ping_status":"closed","template":"","meta":{"footnotes":""},"class_list":["post-59523","page","type-page","status-publish","hentry"],"jetpack_sharing_enabled":true,"_links":{"self":[{"href":"https:\/\/seminaritaifa.org\/taifa\/wp-json\/wp\/v2\/pages\/59523","targetHints":{"allow":["GET"]}}],"collection":[{"href":"https:\/\/seminaritaifa.org\/taifa\/wp-json\/wp\/v2\/pages"}],"about":[{"href":"https:\/\/seminaritaifa.org\/taifa\/wp-json\/wp\/v2\/types\/page"}],"author":[{"embeddable":true,"href":"https:\/\/seminaritaifa.org\/taifa\/wp-json\/wp\/v2\/users\/5"}],"replies":[{"embeddable":true,"href":"https:\/\/seminaritaifa.org\/taifa\/wp-json\/wp\/v2\/comments?post=59523"}],"version-history":[{"count":10,"href":"https:\/\/seminaritaifa.org\/taifa\/wp-json\/wp\/v2\/pages\/59523\/revisions"}],"predecessor-version":[{"id":61564,"href":"https:\/\/seminaritaifa.org\/taifa\/wp-json\/wp\/v2\/pages\/59523\/revisions\/61564"}],"wp:attachment":[{"href":"https:\/\/seminaritaifa.org\/taifa\/wp-json\/wp\/v2\/media?parent=59523"}],"curies":[{"name":"wp","href":"https:\/\/api.w.org\/{rel}","templated":true}]}}