{"id":58947,"date":"2018-09-09T07:47:32","date_gmt":"2018-09-09T07:47:32","guid":{"rendered":"http:\/\/proves.seminaritaifa.org\/?page_id=58947"},"modified":"2021-02-11T21:12:01","modified_gmt":"2021-02-11T21:12:01","slug":"informe-11","status":"publish","type":"page","link":"https:\/\/seminaritaifa.org\/taifa\/publicacions\/informes\/informe-11\/","title":{"rendered":"Informe 11: La desposesi\u00f3n de la vida cotidiana"},"content":{"rendered":"<div class=\"flex_column av_one_third  flex_column_div av-zero-column-padding first  avia-builder-el-0  el_before_av_two_third  avia-builder-el-first  \" style='border-radius:0px; '><p><div  class='avia-image-container  av-styling-    avia-builder-el-1  el_before_av_textblock  avia-builder-el-first  avia-align-center '  itemprop=\"image\" itemscope=\"itemscope\" itemtype=\"https:\/\/schema.org\/ImageObject\"  ><div class='avia-image-container-inner'><div class='avia-image-overlay-wrap'><img decoding=\"async\" class='wp-image-58414 avia-img-lazy-loading-not-58414 avia_image' src=\"https:\/\/seminaritaifa.org\/taifa\/wp-content\/uploads\/2016\/10\/Informe-Taifa_imatge-281x300-1.jpg\" alt='Informe 11: La desposesi\u00f3n de la vida cotidiana' title='Informe 11: La desposesi\u00f3n de la vida cotidiana' height=\"300\" width=\"281\"  itemprop=\"thumbnailUrl\"  \/><\/div><\/div><\/div><br \/>\n<section class=\"av_textblock_section \"  itemscope=\"itemscope\" itemtype=\"https:\/\/schema.org\/CreativeWork\" ><div class='avia_textblock  av_inherit_color '  style='color:#edae44; '  itemprop=\"text\" ><h1 style=\"text-align: center;\"><strong><a href=\"\/taifa\/wp-content\/uploads\/2021\/02\/Informe_11_ES.pdf\" target=\"_blank\" rel=\"noopener\">Descarregar PDF<\/a><\/strong><\/h1>\n<\/div><\/section><br \/>\n<span  class=\"av_font_icon avia_animate_when_visible avia-icon-animate  av-icon-style-  av-no-color avia-icon-pos-center \" style=\"\"><a href='\/taifa\/wp-content\/uploads\/2021\/02\/Informe_11_ES.pdf' target=\"_blank\" rel=\"noopener noreferrer\" class='av-icon-char' style='font-size:40px;line-height:40px;' aria-hidden='true' data-av_icon='\ue82d' data-av_iconfont='entypo-fontello' data-avia-icon-tooltip=\"&lt;br \/&gt;\nDescarregar PDF&lt;br \/&gt;\n\"><\/a><\/span><\/p><\/div><div class=\"flex_column av_two_third  flex_column_div av-zero-column-padding   avia-builder-el-4  el_after_av_one_third  avia-builder-el-last  \" style='border-radius:0px; '><section class=\"av_textblock_section \"  itemscope=\"itemscope\" itemtype=\"https:\/\/schema.org\/CreativeWork\" ><div class='avia_textblock  '   itemprop=\"text\" ><h2 class=\"entry-title-info\">Informe 11: La desposesi\u00f3n de la vida cotidiana<\/h2>\n<hr>\n<p>La restauracio\u0301n del capitalismo para salir de una crisis requiere hacer frente a las mu\u0301ltiples consecuencias de sus contradicciones internas. En la etapa de restauracio\u0301n, a las contradicciones propias de su funcionamiento habitual se suman otras nuevas: hay que destruir el capital sobrante para volver a tener la tasa de ganancia suficiente para acumular y rehacer los mecanismos de poder sobre las poblaciones doblemente afectadas por la creciente explotacio\u0301n y por la destruccio\u0301n productiva.<\/p>\n<p>Los mecanismos restauradores de la tasa de ganancia son recurrentes a lo largo de la historia: aumento de la explotacio\u0301n y nuevas formas de expolio del trabajo y desposesio\u0301n de propiedades o derechos sobre las formas de produccio\u0301n. En cada momento histo\u0301rico las formas de esta desposesio\u0301n han variado, puesto que en cada e\u0301poca y lugar las estructuras juri\u0301dicas existentes sobre la propiedad de los medios de produccio\u0301n y la organizacio\u0301n concreta de los diversos tipos de trabajo son diferentes.<\/p>\n<hr>\n<p><span class=\"post-meta-key\"><strong>T\u00edtol:<\/strong> <\/span>La desposesi\u00f3n de la vida cotidiana<br \/>\n<strong><span class=\"post-meta-key\">Autor: <\/span><\/strong>Seminari d&#8217;economia cr\u00edtica Taifa<br \/>\n<strong><span class=\"post-meta-key\">Col\u00b7laboradors: <\/span><\/strong>Francesc Bayo, Jordi Berbis, Miren Etxezarreta, Francisco Ferrer, Elena Idoate, Jos\u00e9 Iglesias Etxezarreta, Jos\u00e9 Iglesias Fern\u00e1ndez, Joan Junyent, Aurelia Ma\u00f1\u00e9, Juan Manual Peric\u00e0s i Vicky Soldevila.<br \/>\n<strong><span class=\"post-meta-key\">Editor: <\/span><\/strong>Seminari d&#8217;economia cr\u00edtica Taifa<br \/>\n<strong><span class=\"post-meta-key\">S\u00e8rie: <\/span><\/strong>Informes de econom\u00eda<br \/>\n<strong><span class=\"post-meta-key\">N\u00famero: <\/span><\/strong>11<br \/>\n<strong><span class=\"post-meta-key\">Data: <\/span><\/strong>02\/07\/2016<br \/>\n<strong><span class=\"post-meta-key\">Any: <\/span><\/strong>2016<br \/>\n<strong><span class=\"post-meta-key\">Lloc: <\/span><\/strong>Barcelona<br \/>\n<strong><span class=\"post-meta-key\">P\u00e0gines: <\/span><\/strong>144<br \/>\n<span class=\"post-meta-key\"><strong>Llengua: <\/strong><\/span>Castellano<br \/>\n<strong><span class=\"post-meta-key\">Llic\u00e8ncia: <\/span><\/strong>GFDL<br \/>\n<strong><span class=\"post-meta-key\">Cita: <\/span><\/strong>Seminari d&#8217;economia cr\u00edtica Taifa (2016). La desposesi\u00f3n de la vida cotidiana. http:\/\/seminaritaifa.org\/informe-11\/<\/p>\n<\/div><\/section><\/div><\/p>\n","protected":false},"excerpt":{"rendered":"","protected":false},"author":5,"featured_media":0,"parent":57400,"menu_order":10,"comment_status":"closed","ping_status":"closed","template":"","meta":{"footnotes":""},"class_list":["post-58947","page","type-page","status-publish","hentry"],"jetpack_sharing_enabled":true,"_links":{"self":[{"href":"https:\/\/seminaritaifa.org\/taifa\/wp-json\/wp\/v2\/pages\/58947","targetHints":{"allow":["GET"]}}],"collection":[{"href":"https:\/\/seminaritaifa.org\/taifa\/wp-json\/wp\/v2\/pages"}],"about":[{"href":"https:\/\/seminaritaifa.org\/taifa\/wp-json\/wp\/v2\/types\/page"}],"author":[{"embeddable":true,"href":"https:\/\/seminaritaifa.org\/taifa\/wp-json\/wp\/v2\/users\/5"}],"replies":[{"embeddable":true,"href":"https:\/\/seminaritaifa.org\/taifa\/wp-json\/wp\/v2\/comments?post=58947"}],"version-history":[{"count":4,"href":"https:\/\/seminaritaifa.org\/taifa\/wp-json\/wp\/v2\/pages\/58947\/revisions"}],"predecessor-version":[{"id":60753,"href":"https:\/\/seminaritaifa.org\/taifa\/wp-json\/wp\/v2\/pages\/58947\/revisions\/60753"}],"up":[{"embeddable":true,"href":"https:\/\/seminaritaifa.org\/taifa\/wp-json\/wp\/v2\/pages\/57400"}],"wp:attachment":[{"href":"https:\/\/seminaritaifa.org\/taifa\/wp-json\/wp\/v2\/media?parent=58947"}],"curies":[{"name":"wp","href":"https:\/\/api.w.org\/{rel}","templated":true}]}}