{"id":58911,"date":"2018-09-09T06:51:17","date_gmt":"2018-09-09T06:51:17","guid":{"rendered":"http:\/\/proves.seminaritaifa.org\/?page_id=58911"},"modified":"2021-02-11T21:11:09","modified_gmt":"2021-02-11T21:11:09","slug":"informe-04","status":"publish","type":"page","link":"https:\/\/seminaritaifa.org\/taifa\/publicacions\/informes\/informe-04\/","title":{"rendered":"Informe 4: Hay pobres porque hay muy, muy ricos"},"content":{"rendered":"<div class=\"flex_column av_one_third  flex_column_div av-zero-column-padding first  avia-builder-el-0  el_before_av_two_third  avia-builder-el-first  \" style='border-radius:0px; '><p><div  class='avia-image-container  av-styling-    avia-builder-el-1  el_before_av_textblock  avia-builder-el-first  avia-align-center '  itemprop=\"image\" itemscope=\"itemscope\" itemtype=\"https:\/\/schema.org\/ImageObject\"  ><div class='avia-image-container-inner'><div class='avia-image-overlay-wrap'><img decoding=\"async\" class='wp-image-60592 avia-img-lazy-loading-not-60592 avia_image' src=\"https:\/\/seminaritaifa.org\/taifa\/wp-content\/uploads\/2021\/02\/informe_04_portada.png\" alt='Informe 4: Hay pobres porque hay muy, muy ricos' title='Informe 4: Hay pobres porque hay muy, muy ricos' height=\"427\" width=\"305\"  itemprop=\"thumbnailUrl\" srcset=\"https:\/\/seminaritaifa.org\/taifa\/wp-content\/uploads\/2021\/02\/informe_04_portada.png 305w, https:\/\/seminaritaifa.org\/taifa\/wp-content\/uploads\/2021\/02\/informe_04_portada-214x300.png 214w\" sizes=\"(max-width: 305px) 100vw, 305px\" \/><\/div><\/div><\/div><br \/>\n<section class=\"av_textblock_section \"  itemscope=\"itemscope\" itemtype=\"https:\/\/schema.org\/CreativeWork\" ><div class='avia_textblock  av_inherit_color '  style='color:#edae44; '  itemprop=\"text\" ><h1 style=\"text-align: center;\"><a href=\"\/taifa\/wp-content\/uploads\/2021\/02\/Informe_04_ES.pdf\" target=\"_blank\" rel=\"noopener\">Descarregar PDF<\/a><\/h1>\n<\/div><\/section><br \/>\n<span  class=\"av_font_icon avia_animate_when_visible avia-icon-animate  av-icon-style-  av-no-color avia-icon-pos-center \" style=\"\"><a href='\/taifa\/wp-content\/uploads\/2021\/02\/Informe_04_ES.pdf' target=\"_blank\" rel=\"noopener noreferrer\" class='av-icon-char' style='font-size:40px;line-height:40px;' aria-hidden='true' data-av_icon='\ue82d' data-av_iconfont='entypo-fontello' data-avia-icon-tooltip=\"&lt;br \/&gt;\nDescarregar PDF&lt;br \/&gt;\n\"><\/a><\/span><\/p><\/div><div class=\"flex_column av_two_third  flex_column_div av-zero-column-padding   avia-builder-el-4  el_after_av_one_third  avia-builder-el-last  \" style='border-radius:0px; '><section class=\"av_textblock_section \"  itemscope=\"itemscope\" itemtype=\"https:\/\/schema.org\/CreativeWork\" ><div class='avia_textblock  '   itemprop=\"text\" ><h2 class=\"entry-title-info\">Informe 04: Hay pobres porque hay muy, muy ricos<\/h2>\n<hr \/>\n<p>Esta de moda contar pobres. Las m\u00e1s renombradas instituciones p\u00fablicas \u2014Naciones Unidas, Banco Mundial, la UE\u2014 se preocupan de saber cuantos pobres hay, as\u00ed como importantes instituciones privadas. Curiosamente, hay muchos menos estudios sobre la riqueza que sobre la pobreza. Los ricos ya saben quienes son, y los pobres no tienen inter\u00e9s ni dinero para saberlo. Lo que es pol\u00edticamente muy conveniente. Si los ricos son \u2018invisibles\u2019, como a veces se dice de los pobres, nadie se meter\u00e1 con ellos. Por eso TAIFA ha pensado en hacer este Informe sobre \u2018Hay pobres porque hay muy, muy ricos\u2019. Por lo menos para explorar un poco ese universo de riqueza que se encuentra tan lejos de la mayor\u00eda de la poblaci\u00f3n. Para ver donde va la riqueza que el conjunto de la sociedad produce.<\/p>\n<hr \/>\n<p><strong><span class=\"post-meta-key\">T\u00edtol: <\/span><\/strong>Hay ricos porque hay muy, muy pobres<strong><\/strong><br \/>\n<strong><span class=\"post-meta-key\">Autor: <\/span><\/strong>Seminari d&#8217;economia cr\u00edtica Taifa<br \/>\n<span class=\"post-meta-key\"><strong>Col\u00b7laboradors: <\/strong><\/span>Hans Schweiger, Antonio Rodr\u00edguez, Daniel Mayals, Jos\u00e9 Iglesias, Miren Etxezarreta, Carles Badenes, Joan Junyent, Elena Idoate i N\u00faria Pascual<br \/>\n<strong><span class=\"post-meta-key\">Editor: <\/span><\/strong>Seminari d&#8217;economia cr\u00edtica Taifa<br \/>\n<strong><span class=\"post-meta-key\">S\u00e8rie: <\/span><\/strong>Informes de econom\u00eda<br \/>\n<span class=\"post-meta-key\"><strong>N\u00famero:<\/strong> <\/span>04<br \/>\n<span class=\"post-meta-key\"><strong>Data:<\/strong> <\/span>Setembre 2007<br \/>\n<strong><span class=\"post-meta-key\">Any: <\/span><\/strong>2007<br \/>\n<strong><span class=\"post-meta-key\">Lloc: <\/span><\/strong>Barcelona<br \/>\n<span class=\"post-meta-key\"><strong>P\u00e0gines: <\/strong><\/span>67 p.<br \/>\n<span class=\"post-meta-key\"><strong>Llengua:<\/strong> <\/span>Castell\u00e0<br \/>\n<strong><span class=\"post-meta-key\">Llic\u00e8ncia: <\/span><\/strong>GFDL<br \/>\n<strong><span class=\"post-meta-key\">Cita: <\/span><\/strong>Seminari d&#8217;economia cr\u00edtica Taifa. (2007). Hay pobres porque hay muy, muy ricos. http:\/\/seminaritaifa.org\/publicacions\/informes\/informe-04<\/p>\n<\/div><\/section><\/div><\/p>\n","protected":false},"excerpt":{"rendered":"","protected":false},"author":5,"featured_media":0,"parent":57400,"menu_order":3,"comment_status":"closed","ping_status":"closed","template":"","meta":{"footnotes":""},"class_list":["post-58911","page","type-page","status-publish","hentry"],"jetpack_sharing_enabled":true,"_links":{"self":[{"href":"https:\/\/seminaritaifa.org\/taifa\/wp-json\/wp\/v2\/pages\/58911","targetHints":{"allow":["GET"]}}],"collection":[{"href":"https:\/\/seminaritaifa.org\/taifa\/wp-json\/wp\/v2\/pages"}],"about":[{"href":"https:\/\/seminaritaifa.org\/taifa\/wp-json\/wp\/v2\/types\/page"}],"author":[{"embeddable":true,"href":"https:\/\/seminaritaifa.org\/taifa\/wp-json\/wp\/v2\/users\/5"}],"replies":[{"embeddable":true,"href":"https:\/\/seminaritaifa.org\/taifa\/wp-json\/wp\/v2\/comments?post=58911"}],"version-history":[{"count":8,"href":"https:\/\/seminaritaifa.org\/taifa\/wp-json\/wp\/v2\/pages\/58911\/revisions"}],"predecessor-version":[{"id":60748,"href":"https:\/\/seminaritaifa.org\/taifa\/wp-json\/wp\/v2\/pages\/58911\/revisions\/60748"}],"up":[{"embeddable":true,"href":"https:\/\/seminaritaifa.org\/taifa\/wp-json\/wp\/v2\/pages\/57400"}],"wp:attachment":[{"href":"https:\/\/seminaritaifa.org\/taifa\/wp-json\/wp\/v2\/media?parent=58911"}],"curies":[{"name":"wp","href":"https:\/\/api.w.org\/{rel}","templated":true}]}}