{"id":58838,"date":"2018-09-08T12:18:08","date_gmt":"2018-09-08T12:18:08","guid":{"rendered":"http:\/\/proves.seminaritaifa.org\/?page_id=58838"},"modified":"2021-03-10T19:43:03","modified_gmt":"2021-03-10T19:43:03","slug":"globalizacion-capitalista","status":"publish","type":"page","link":"https:\/\/seminaritaifa.org\/taifa\/publicacions\/llibres\/globalizacion-capitalista\/","title":{"rendered":"Globalizaci\u00f3n capitalista . Luchas y resistencias"},"content":{"rendered":"<div class=\"flex_column av_one_third  flex_column_div av-zero-column-padding first  avia-builder-el-0  el_before_av_two_third  avia-builder-el-first  \" style='border-radius:0px; '><p><div  class='avia-image-container  av-styling-    avia-builder-el-1  el_before_av_image  avia-builder-el-first  avia-align-center '  itemprop=\"image\" itemscope=\"itemscope\" itemtype=\"https:\/\/schema.org\/ImageObject\"  ><div class='avia-image-container-inner'><div class='avia-image-overlay-wrap'><img decoding=\"async\" class='wp-image-60283 avia-img-lazy-loading-not-60283 avia_image' src=\"https:\/\/seminaritaifa.org\/taifa\/wp-content\/uploads\/2021\/02\/globalizaci\u251c\u2502n-capitalista-200x300.jpg\" alt='Globalizaci\u00f3n capitalista luchas y resistencias' title='Globalizaci\u00f3n capitalista luchas y resistencias' height=\"300\" width=\"200\"  itemprop=\"thumbnailUrl\" srcset=\"https:\/\/seminaritaifa.org\/taifa\/wp-content\/uploads\/2021\/02\/globalizaci\u251c\u2502n-capitalista-200x300.jpg 200w, https:\/\/seminaritaifa.org\/taifa\/wp-content\/uploads\/2021\/02\/globalizaci\u251c\u2502n-capitalista.jpg 333w\" sizes=\"(max-width: 200px) 100vw, 200px\" \/><\/div><\/div><\/div><br \/>\n<div  class='avia-image-container  av-styling-    avia-builder-el-2  el_after_av_image  avia-builder-el-last  avia-align-center '  itemprop=\"image\" itemscope=\"itemscope\" itemtype=\"https:\/\/schema.org\/ImageObject\"  ><div class='avia-image-container-inner'><div class='avia-image-overlay-wrap'><img decoding=\"async\" class='wp-image-0 avia-img-lazy-loading-not-0 avia_image' src=\"http:\/\/proves.seminaritaifa.org\/files\/2018\/09\/globalizaci\u00f3n-capitalista.jpg\" alt='' title=''   itemprop=\"thumbnailUrl\"  \/><\/div><\/div><\/div><\/p><\/div><div class=\"flex_column av_two_third  flex_column_div av-zero-column-padding   avia-builder-el-3  el_after_av_one_third  avia-builder-el-last  \" style='border-radius:0px; '><section class=\"av_textblock_section \"  itemscope=\"itemscope\" itemtype=\"https:\/\/schema.org\/CreativeWork\" ><div class='avia_textblock  '   itemprop=\"text\" ><h2>Globalizaci\u00f3n capitalista. Luchas y resistencias.<\/h2>\n<div>\n<hr \/>\n<\/div>\n<div class=\"rte\"><strong>Titol: <\/strong>Globalizaci\u00f3n capitalista. Luchas y resistencias.<br \/>\n<strong>Autor:<\/strong> Ram\u00f3n Fern\u00e1ndez Dur\u00e1n, Miren Etxezarreta, Manolo S\u00e1ez y LPR<br \/>\n<strong>Pr\u00f2leg:<\/strong> Costas Lapavitsas<br \/>\n<strong>Editorial:<\/strong> VIRUS contra\/ Baladre<br \/>\n<strong>P\u00e0gines:<\/strong> 214<br \/>\n<strong>Preu:<\/strong><br \/>\n<strong>ISBN-10:<\/strong> 84-88455-90-9<br \/>\n<strong>Primera edici\u00f3:<\/strong> 2001<\/div>\n<div class=\"rte\">\n<hr \/>\n<p>La globalizaci\u00f3n se ha convertido en uno de los temas centrales del debate pol\u00edtico de los \u00faltimos tiempos, sobre todo a ra\u00edz de la oposici\u00f3n creciente que generan los grandes encuentros de las instituciones como el Fondo Monetario Internacional y el Banco Mundial. Seattle signific\u00f3 el primer paso, al que siguieron otros como Praga o Niza, en la coordinaci\u00f3n de una lucha que como los efectos que combate tambi\u00e9n ha de ser global.<\/p>\n<p>Sin embargo, no resulta f\u00e1cil orientarse en la mara\u00f1a de siglas de instituciones y acuerdos que constituyen la base sobre la que ser organiza y desde la que se controla la evoluci\u00f3n econ\u00f3mica y pol\u00edtica del mundo, un aut\u00e9ntico poder paralelo a los Estados actuales, fuera de cualquier control democr\u00e1tico. En el presente libro se analizan de manera sistem\u00e1tica y clarificadora estas instituciones y acuerdos, su papel e importancia; el proceso de aceleraci\u00f3n de la expansi\u00f3n capitalista, sus costos sociales y econ\u00f3micos, y las pol\u00edticas represivas que lo acompa\u00f1an; las bases de la unificaci\u00f3n europea y su relaci\u00f3n intr\u00ednsica en el proceso de globalizaci\u00f3n; y las nuevas y variadas iniciativas y movimientos surgidos en la lucha contra esta globalizaci\u00f3n. Se aborda la situaci\u00f3n actual de las luchas antiglobalizaci\u00f3n y sus perspectivas de futuro, para a partir de aqu\u00ed hacer una serie de reflexiones en torno a las pr\u00e1cticas que ser\u00eda conveniente priorizar y la importancia de arraigar localmente esas luchas a fin de dotarlas de una s\u00f3lida base de transformaci\u00f3n social.<\/p>\n<\/div>\n<\/div><\/section><\/div><\/p>\n","protected":false},"excerpt":{"rendered":"","protected":false},"author":5,"featured_media":0,"parent":57375,"menu_order":0,"comment_status":"closed","ping_status":"closed","template":"","meta":{"footnotes":""},"class_list":["post-58838","page","type-page","status-publish","hentry"],"jetpack_sharing_enabled":true,"_links":{"self":[{"href":"https:\/\/seminaritaifa.org\/taifa\/wp-json\/wp\/v2\/pages\/58838","targetHints":{"allow":["GET"]}}],"collection":[{"href":"https:\/\/seminaritaifa.org\/taifa\/wp-json\/wp\/v2\/pages"}],"about":[{"href":"https:\/\/seminaritaifa.org\/taifa\/wp-json\/wp\/v2\/types\/page"}],"author":[{"embeddable":true,"href":"https:\/\/seminaritaifa.org\/taifa\/wp-json\/wp\/v2\/users\/5"}],"replies":[{"embeddable":true,"href":"https:\/\/seminaritaifa.org\/taifa\/wp-json\/wp\/v2\/comments?post=58838"}],"version-history":[{"count":1,"href":"https:\/\/seminaritaifa.org\/taifa\/wp-json\/wp\/v2\/pages\/58838\/revisions"}],"predecessor-version":[{"id":60798,"href":"https:\/\/seminaritaifa.org\/taifa\/wp-json\/wp\/v2\/pages\/58838\/revisions\/60798"}],"up":[{"embeddable":true,"href":"https:\/\/seminaritaifa.org\/taifa\/wp-json\/wp\/v2\/pages\/57375"}],"wp:attachment":[{"href":"https:\/\/seminaritaifa.org\/taifa\/wp-json\/wp\/v2\/media?parent=58838"}],"curies":[{"name":"wp","href":"https:\/\/api.w.org\/{rel}","templated":true}]}}