{"id":58811,"date":"2018-09-08T11:17:48","date_gmt":"2018-09-08T11:17:48","guid":{"rendered":"http:\/\/proves.seminaritaifa.org\/?page_id=58811"},"modified":"2021-03-10T20:25:12","modified_gmt":"2021-03-10T20:25:12","slug":"la-agricultura-espanola-en-la-era-de-la-globalizacion","status":"publish","type":"page","link":"https:\/\/seminaritaifa.org\/taifa\/publicacions\/llibres\/la-agricultura-espanola-en-la-era-de-la-globalizacion\/","title":{"rendered":"La agricultura espa\u00f1ola en la era de la globalizaci\u00f3n"},"content":{"rendered":"<div class=\"flex_column av_one_third  flex_column_div av-zero-column-padding first  avia-builder-el-0  el_before_av_two_third  avia-builder-el-first  \" style='border-radius:0px; '><p><div  class='avia-image-container  av-styling-    avia-builder-el-1  el_before_av_image  avia-builder-el-first  avia-align-center '  itemprop=\"image\" itemscope=\"itemscope\" itemtype=\"https:\/\/schema.org\/ImageObject\"  ><div class='avia-image-container-inner'><div class='avia-image-overlay-wrap'><img decoding=\"async\" class='wp-image-60301 avia-img-lazy-loading-not-60301 avia_image' src=\"https:\/\/seminaritaifa.org\/taifa\/wp-content\/uploads\/2021\/02\/0821168001536405357_la-agricultura-espaola-en-la-era-de-la-globalizacin_0-195x300.png\" alt='La agricultura espa\u00f1ola en la era de la globalizaci\u00f3n' title='La agricultura espa\u00f1ola en la era de la globalizaci\u00f3n' height=\"300\" width=\"195\"  itemprop=\"thumbnailUrl\" srcset=\"https:\/\/seminaritaifa.org\/taifa\/wp-content\/uploads\/2021\/02\/0821168001536405357_la-agricultura-espaola-en-la-era-de-la-globalizacin_0-195x300.png 195w, https:\/\/seminaritaifa.org\/taifa\/wp-content\/uploads\/2021\/02\/0821168001536405357_la-agricultura-espaola-en-la-era-de-la-globalizacin_0-668x1030.png 668w, https:\/\/seminaritaifa.org\/taifa\/wp-content\/uploads\/2021\/02\/0821168001536405357_la-agricultura-espaola-en-la-era-de-la-globalizacin_0-457x705.png 457w, https:\/\/seminaritaifa.org\/taifa\/wp-content\/uploads\/2021\/02\/0821168001536405357_la-agricultura-espaola-en-la-era-de-la-globalizacin_0.png 722w\" sizes=\"(max-width: 195px) 100vw, 195px\" \/><\/div><\/div><\/div><br \/>\n<div  class='avia-image-container  av-styling-    avia-builder-el-2  el_after_av_image  el_before_av_button  avia-align-center '  itemprop=\"image\" itemscope=\"itemscope\" itemtype=\"https:\/\/schema.org\/ImageObject\"  ><div class='avia-image-container-inner'><div class='avia-image-overlay-wrap'><img decoding=\"async\" class='wp-image-0 avia-img-lazy-loading-not-0 avia_image' src=\"http:\/\/proves.seminaritaifa.org\/files\/2018\/09\/0821168001536405357_la-agricultura-espaola-en-la-era-de-la-globalizacin_0.png\" alt='' title=''   itemprop=\"thumbnailUrl\"  \/><\/div><\/div><\/div><br \/>\n<div  class='avia-button-wrap avia-button-center  avia-builder-el-3  el_after_av_image  avia-builder-el-last ' ><a href='\/taifa\/wp-content\/uploads\/2021\/03\/La-agricultura-espa%C3%B1ola-en-la-era-de-la-globalizaci%C3%B3n.pdf'  class='avia-button  avia-color-theme-color   avia-icon_select-yes-left-icon avia-size-large avia-position-center '   ><span class='avia_button_icon avia_button_icon_left ' aria-hidden='true' data-av_icon='\ue84e' data-av_iconfont='entypo-fontello'><\/span><span class='avia_iconbox_title' >PDF<\/span><\/a><\/div><\/p><\/div><div class=\"flex_column av_two_third  flex_column_div av-zero-column-padding   avia-builder-el-4  el_after_av_one_third  avia-builder-el-last  \" style='border-radius:0px; '><section class=\"av_textblock_section \"  itemscope=\"itemscope\" itemtype=\"https:\/\/schema.org\/CreativeWork\" ><div class='avia_textblock  '   itemprop=\"text\" ><h2>La agricultura espa\u00f1ola en la era de la globalizaci\u00f3n<\/h2>\n<hr \/>\n<p><strong>T\u00edtol: <\/strong>La agricultura espa\u00f1ola en la era de la globalizaci\u00f3n.<br \/>\n<strong>Autors:<\/strong> Miren Etxezarreta<br \/>\n<strong>Editorial:<\/strong> Ministerio de Agricultura Pesca y Alimentaci\u00f3n<br \/>\n<strong>ISBN: <\/strong>9788449107481<br \/>\n<strong>Primera Edici\u00f3:<\/strong> 2000<br \/>\n<strong>P\u00e0gines:<\/strong> 756<br \/>\n<strong>PVP:<\/strong> 21 \u20ac<\/p>\n<hr \/>\n<p>Este libro est\u00e1 editado por Ministerio De Agricultura, Alimentaci\u00f3n Y Medio Ambiente. Fue fundada en 1996 y tiene su sede en Madrid. Tiene m\u00e1s de 2000 t\u00edtulos publicados. La editorial est\u00e1 especializada en Pol\u00edtica De Medio Ambiente, Recursos Naturales, Mapas De Clases Agrol\u00f3gicas (escala 1:50.000), Bosques Y Recursos Forestales, Mapas De Cultivos Y Aprovechamientos 1975-1980 (escala 1:50.000) entre otras. El cat\u00e1logo de Ministerio De Agricultura, Alimentaci\u00f3n Y Medio Ambiente cuenta con las siguientes colecciones: Bolet\u00edn De Sanidad Vegetal. Fuera De Serie, Monograf\u00edas, Estudios, Informes T\u00e9cnicos (instituto Espa\u00f1ol De Oceanograf\u00eda), Naturalia Hisp\u00e1nica (instituto Nacional Para La Conservaci\u00f3n De La Naturaleza)&#8230; Espa\u00f1a. Dir. Gral. Industrias Agrarias, Esteban Artacho De Luna, Llu\u00eds Argem\u00ed D&#8217;abadal, Espa\u00f1a. Min. Agricultura, J.a. Amat&#8230; son algunos de los autores que han publicado en dicha editorial. Ministerio De Agricultura, Alimentaci\u00f3n Y Medio Ambiente convoca los siguientes premios: Premios Jacumar, Premios Semana Espa\u00f1ola De La Movilidad Sostenible (sems), Premios De Investigaci\u00f3n E Innovaci\u00f3n Tecnol\u00f3gica Contra La Contaminaci\u00f3n Mar\u00edtima Del Litoral, Premios Art\u00edsticos, Premios De Excelencia A La Innovaci\u00f3n Para Mujeres Rurales&#8230;<\/p>\n<\/div><\/section><\/div><\/p>\n","protected":false},"excerpt":{"rendered":"","protected":false},"author":5,"featured_media":0,"parent":57375,"menu_order":0,"comment_status":"closed","ping_status":"closed","template":"","meta":{"footnotes":""},"class_list":["post-58811","page","type-page","status-publish","hentry"],"jetpack_sharing_enabled":true,"_links":{"self":[{"href":"https:\/\/seminaritaifa.org\/taifa\/wp-json\/wp\/v2\/pages\/58811","targetHints":{"allow":["GET"]}}],"collection":[{"href":"https:\/\/seminaritaifa.org\/taifa\/wp-json\/wp\/v2\/pages"}],"about":[{"href":"https:\/\/seminaritaifa.org\/taifa\/wp-json\/wp\/v2\/types\/page"}],"author":[{"embeddable":true,"href":"https:\/\/seminaritaifa.org\/taifa\/wp-json\/wp\/v2\/users\/5"}],"replies":[{"embeddable":true,"href":"https:\/\/seminaritaifa.org\/taifa\/wp-json\/wp\/v2\/comments?post=58811"}],"version-history":[{"count":1,"href":"https:\/\/seminaritaifa.org\/taifa\/wp-json\/wp\/v2\/pages\/58811\/revisions"}],"predecessor-version":[{"id":60800,"href":"https:\/\/seminaritaifa.org\/taifa\/wp-json\/wp\/v2\/pages\/58811\/revisions\/60800"}],"up":[{"embeddable":true,"href":"https:\/\/seminaritaifa.org\/taifa\/wp-json\/wp\/v2\/pages\/57375"}],"wp:attachment":[{"href":"https:\/\/seminaritaifa.org\/taifa\/wp-json\/wp\/v2\/media?parent=58811"}],"curies":[{"name":"wp","href":"https:\/\/api.w.org\/{rel}","templated":true}]}}