{"id":57567,"date":"2018-06-28T11:19:10","date_gmt":"2018-06-28T11:19:10","guid":{"rendered":"http:\/\/proves.seminaritaifa.org\/?page_id=57567"},"modified":"2018-06-28T11:19:10","modified_gmt":"2018-06-28T11:19:10","slug":"sobiranies","status":"publish","type":"page","link":"https:\/\/seminaritaifa.org\/taifa\/publicacions\/llibres\/sobiranies\/","title":{"rendered":"Sobiranies"},"content":{"rendered":"<div class=\"flex_column av_one_third  flex_column_div av-zero-column-padding first  avia-builder-el-0  el_before_av_two_third  avia-builder-el-first  \" style='border-radius:0px; '><div  class='avia-image-container  av-styling-    avia-builder-el-1  avia-builder-el-no-sibling  avia-align-center '  itemprop=\"image\" itemscope=\"itemscope\" itemtype=\"https:\/\/schema.org\/ImageObject\"  ><div class='avia-image-container-inner'><div class='avia-image-overlay-wrap'><a href='https:\/\/seminaritaifa.org\/taifa\/wp-content\/uploads\/2018\/06\/9788449331619-2-e1530184450366.jpg' class='avia_image'  ><img decoding=\"async\" width=\"506\" height=\"788\" class='wp-image-57556 avia-img-lazy-loading-not-57556 avia_image' src=\"https:\/\/seminaritaifa.org\/taifa\/wp-content\/uploads\/2018\/06\/9788449331619-2-e1530184450366.jpg\" alt='' title='http:\/\/proves.seminaritaifa.org\/files\/2018\/06\/9788449331619-2-e1530184450366.jpg'  itemprop=\"thumbnailUrl\" srcset=\"https:\/\/seminaritaifa.org\/taifa\/wp-content\/uploads\/2018\/06\/9788449331619-2-e1530184450366.jpg 506w, https:\/\/seminaritaifa.org\/taifa\/wp-content\/uploads\/2018\/06\/9788449331619-2-e1530184450366-193x300.jpg 193w, https:\/\/seminaritaifa.org\/taifa\/wp-content\/uploads\/2018\/06\/9788449331619-2-e1530184450366-453x705.jpg 453w\" sizes=\"(max-width: 506px) 100vw, 506px\" \/><\/a><\/div><\/div><\/div><\/div>\n<div class=\"flex_column av_two_third  flex_column_div av-zero-column-padding   avia-builder-el-2  el_after_av_one_third  avia-builder-el-last  \" style='border-radius:0px; '><section class=\"av_textblock_section \"  itemscope=\"itemscope\" itemtype=\"https:\/\/schema.org\/CreativeWork\" ><div class='avia_textblock  '   itemprop=\"text\" ><h2>Sobiranies. Una proposta contra el capitalisme<\/h2>\n<hr \/>\n<p><strong>Titol:<\/strong> Sobiranies. Una proposta contra el capitalisme<br \/>\n<strong>Autor:<\/strong> AAVV<br \/>\n<strong>Pr\u00f2leg:<\/strong> Costas Lapavitsas<br \/>\n<strong>Editorial:<\/strong> Espai F\u00e0brica<br \/>\n<strong>P\u00e0gines:<\/strong> 203<br \/>\n<strong>Preu:<\/strong> 15\u20ac<br \/>\n<strong>ISBN:<\/strong> 978-84-947001-0-1<br \/>\n<strong>Any d\u2019edici\u00f3:<\/strong> 2017<\/p>\n<hr \/>\n<p>El terme \u201csobirania\u201d est\u00e0 molt en boga \u00faltimament. D\u2019una banda, el moviment independentista a Catalunya ha fet bandera del sobiranisme i el dret a l\u2019autodeterminaci\u00f3. Per altra banda, els moviments dels <i>Indignats <\/i>(15-M, Occupy, Nuit debout\u2026) i les formacions pol\u00edtiques de l\u2019anomenada nova esquerra (Syriza, Podemos, Bloco de Esquerda, Comuns\u2026) es poden inscriure, tot i les seves difer\u00e8ncies organitzatives, en un sobiranisme popular que reivindica la democr\u00e0cia pels pobles enfront les elits i les institucions europees (capital financer, Troika\u2026). Per\u00f2 ben b\u00e9, qu\u00e8 vol dir ser \u201csobiranista\u201d avui? Certament, a aquestes altures, el terme \u201csobirania\u201d ha estat grapejat per massa discursos diferents volent dir coses a vegades oposades. El mot \u201csobirania\u201d s\u2019ha convertit en un exemple clar de <i>significant<\/i> que a for\u00e7a de <i>flotar<\/i> ha acabat <i>buidant-se<\/i> de contingut.<span id=\"more-1969\"><\/span><\/p>\n<p>En plena crisi del capitalisme, en el marc de la UE fortalesa i la zona euro del capital, en un Estat espanyol on el r\u00e8gim del 78 fa aig\u00fces tot i els intents d\u2019apuntalar-lo i amb un moviment independentista que sembla fer una passa endavant i dues enrere, com es pot desplegar una alternativa pol\u00edtica i social sobiranista que recuperi all\u00f2 que el capital ha arrevatat a les classes populars? Aquest \u00e9s el repte d\u2019una generaci\u00f3.<\/p>\n<p>El prop\u00f2sit del projecte <a href=\"https:\/\/www.verkami.com\/projects\/17108-sobiranies-una-proposta-contra-el-capitalisme\"><i>Sobiranies: una proposta contra el capitalisme<\/i><\/a> \u00e9s definir en qu\u00e8 consisteix genu\u00efnament la sobirania -s\u00edntesi de la reivindicaci\u00f3 social i nacional- i explicar com es pot construir una alternativa transformadora partint del avui i ara del nostre entorn pol\u00edtic i geogr\u00e0fic. Aquesta proposta sorgeix de les reflexions i debats d\u2019un grup de militants de diversos col\u00b7lectius dels moviments socials i l\u2019esquerra independentista. L\u2019objectiu \u00e9s plantejar un marc de reflexi\u00f3 pol\u00edtico-te\u00f2rica per sortir de l\u2019atzucac en el que ens trobem despr\u00e9s de 10 anys de crisi.<\/p>\n<p>Aquest document que llancem a l\u2019arena de la discussi\u00f3 pol\u00edtica no \u00e9s un recull d\u2019articles signats per persones m\u00e9s o menys expertes en cadascuna de les sobiranies: reproductiva, energ\u00e8tica, aliment\u00e0ria, residencial, cultural i sanit\u00e0ria. Tot i la proposta detallada per cadascun d\u2019aquests \u00e0mbits de la reproducci\u00f3 social, es planteja abordar la q\u00fcesti\u00f3 des d\u2019un model integral pensant en la totalitat dels \u00e0mbits esmentats entre ells estretament relacionats. Anar m\u00e9s enll\u00e0 de la pol\u00edtica de peda\u00e7os -una pol\u00edtica redistributiva per aqu\u00ed, un projecte cultural per all\u00e0, una subvenci\u00f3 a certa activitat m\u00e9s enll\u00e0, etc.- \u00e9s un primer pas per construir una alternativa social que involucri el conjunt de la poblaci\u00f3. De qu\u00e8 serveix obrir un equipament cultural en un barri on la pobresa energ\u00e8tica \u00e9s una dura realitat? Com podem plantejar un model energ\u00e8tic sostenible i no contaminant a una poblaci\u00f3 mal alimentada? \u00c9s possible socialitzar el treball dom\u00e8stic i de cures sense coordinar-ho amb una sanitat p\u00fablica i universal m\u00e9s preventiva? Podr\u00edem posar molts exemples.<\/p>\n<p>Cada vegada m\u00e9s persones s\u2019interessen per la transformaci\u00f3 social des de la base, molt sovint com a reacci\u00f3 al teatre burlesc de la pol\u00edtica de partits m\u00e9s convencional. (Re) Construir les sobiranies tal i com aqu\u00ed les definim \u00e9s una tasca de llarg termini que comptar\u00e0 amb un nombre creixent de participants. Al mateix temps per\u00f2 -no som ingenus- ser\u00e0 imprescindible enfrontar el capital i el seu <i>statu quo<\/i>, v\u00e8ncer la batalla de l\u2019hegemonia cultural i disputar el sentit com\u00fa. En molts \u00e0mbits ser\u00e0 necessari destruir per construir amb noves bases. All\u00ed on l\u2019estrat\u00e8gia de reproducci\u00f3 del capital posa el benefici privat al centre, la sobirania reproductiva hi posar\u00e0 la vida. La \u00a0reproducci\u00f3 material i espiritual de la poblaci\u00f3 amb el m\u00e0xim benestar possible esdev\u00e9 la prioritat central.<\/p>\n<p>\u00d2bviament aix\u00f2 no s\u2019aconseguir\u00e0 sense subvertir el r\u00e8gim de propietat privada i el mercat capitalista, ni sense tocar els mecanismes de decisi\u00f3 jer\u00e0rquics de la nostra societat. El proc\u00e9s de decisi\u00f3 sobre qu\u00e8 i com produir els elements que cobriran les nostres necessitats es basar\u00e0 en models m\u00e9s horitzontals i democr\u00e0tics que impliquin les persones directament concernides. Les institucions representatives, per la seva banda, hauran d\u2019adoptar un paper actiu en recolzar i promoure la multitud de projectes que treballen per una via sobiranista, sempre subsumides a l\u2019estrat\u00e8gia de transformaci\u00f3.<\/p>\n<p>El llibre <i>Sobiranies<\/i> no \u00e9s un treball acad\u00e8mic de ci\u00e8ncies socials ni un full de ruta, \u00a0programa pol\u00edtic o f\u00f3rmula tancada. Es tracta m\u00e9s aviat d\u2019una invitaci\u00f3 a pensar, debatre i portar a terme, amb una clara voluntat d\u2019aplicaci\u00f3 pr\u00e0ctico-pol\u00edtica on la praxi \u00e9s la clau de volta de la (auto) transformaci\u00f3. El punt de partida no \u00e9s la imatge d\u2019un m\u00f3n ut\u00f2pic pensat a priori idealment sin\u00f3 l\u2019an\u00e0lisi cr\u00edtic de la nostra societat, sobretot en la seva vessant pol\u00edtica i econ\u00f2mica.<\/p>\n<p>Les experi\u00e8ncies realment existents, els centenars de projectes transformadors i les lluites socials i laborals -m\u00e9s o menys defensives, reformistes o subversives- que s\u2019estan portant a terme s\u00f3n l\u2019element m\u00e9s important des d\u2019on comen\u00e7ar (o seguir) a caminar. El concepte de sobirania segueix tenint tanta for\u00e7a com la for\u00e7a dels milers de <i>formiguetes <\/i>que dia a dia tiren endavant projectes transformadors en mig d\u2019aquesta dictadura de la mercaderia que \u00e9s el capitalisme i l\u2019alienaci\u00f3 imperant del nostre treball i creativitat. Com diu una de les frases del llibre cap experi\u00e8ncia que triomfa \u00e9s una experi\u00e8ncia petita, cadascuna d\u2019elles \u00e9s una mostra gegant del que podem fer. Aquestes experi\u00e8ncies seran en definitiva la br\u00faixola que guiar\u00e0 el proc\u00e9s transformador, el que ens permetr\u00e0 avaluar si anem en la bona direcci\u00f3.<\/p>\n<\/div><\/section><\/div>\n","protected":false},"excerpt":{"rendered":"","protected":false},"author":5,"featured_media":57556,"parent":57375,"menu_order":0,"comment_status":"closed","ping_status":"closed","template":"","meta":{"footnotes":""},"class_list":["post-57567","page","type-page","status-publish","has-post-thumbnail","hentry"],"jetpack_sharing_enabled":true,"_links":{"self":[{"href":"https:\/\/seminaritaifa.org\/taifa\/wp-json\/wp\/v2\/pages\/57567","targetHints":{"allow":["GET"]}}],"collection":[{"href":"https:\/\/seminaritaifa.org\/taifa\/wp-json\/wp\/v2\/pages"}],"about":[{"href":"https:\/\/seminaritaifa.org\/taifa\/wp-json\/wp\/v2\/types\/page"}],"author":[{"embeddable":true,"href":"https:\/\/seminaritaifa.org\/taifa\/wp-json\/wp\/v2\/users\/5"}],"replies":[{"embeddable":true,"href":"https:\/\/seminaritaifa.org\/taifa\/wp-json\/wp\/v2\/comments?post=57567"}],"version-history":[{"count":1,"href":"https:\/\/seminaritaifa.org\/taifa\/wp-json\/wp\/v2\/pages\/57567\/revisions"}],"predecessor-version":[{"id":60838,"href":"https:\/\/seminaritaifa.org\/taifa\/wp-json\/wp\/v2\/pages\/57567\/revisions\/60838"}],"up":[{"embeddable":true,"href":"https:\/\/seminaritaifa.org\/taifa\/wp-json\/wp\/v2\/pages\/57375"}],"wp:featuredmedia":[{"embeddable":true,"href":"https:\/\/seminaritaifa.org\/taifa\/wp-json\/wp\/v2\/media\/57556"}],"wp:attachment":[{"href":"https:\/\/seminaritaifa.org\/taifa\/wp-json\/wp\/v2\/media?parent=57567"}],"curies":[{"name":"wp","href":"https:\/\/api.w.org\/{rel}","templated":true}]}}