{"id":57523,"date":"2018-06-28T07:44:22","date_gmt":"2018-06-28T07:44:22","guid":{"rendered":"http:\/\/proves.seminaritaifa.org\/?page_id=57523"},"modified":"2021-06-19T11:48:34","modified_gmt":"2021-06-19T11:48:34","slug":"para-que-sirve-realmente-la-economia","status":"publish","type":"page","link":"https:\/\/seminaritaifa.org\/taifa\/publicacions\/llibres\/para-que-sirve-realmente-la-economia\/","title":{"rendered":"\u00bfPara qu\u00e9 sirve realmente la econom\u00eda?"},"content":{"rendered":"\n<p><\/p>\n\n\n<div class=\"flex_column av_one_third  flex_column_div av-zero-column-padding first  avia-builder-el-0  el_before_av_two_third  avia-builder-el-first  \" style='border-radius:0px; '><div  class='avia-image-container  av-styling-    avia-builder-el-1  avia-builder-el-no-sibling  avia-align-center '  itemprop=\"image\" itemscope=\"itemscope\" itemtype=\"https:\/\/schema.org\/ImageObject\"  ><div class='avia-image-container-inner'><div class='avia-image-overlay-wrap'><a href='https:\/\/seminaritaifa.org\/taifa\/wp-content\/uploads\/2018\/06\/9788449331619-1-735x1030.jpg' class='avia_image'  ><img decoding=\"async\" width=\"1827\" height=\"2560\" class='wp-image-57526 avia-img-lazy-loading-not-57526 avia_image' src=\"https:\/\/seminaritaifa.org\/taifa\/wp-content\/uploads\/2018\/06\/9788449331619-1-scaled.jpg\" alt='' title='Para qu\u00e9 sirve realmente'  itemprop=\"thumbnailUrl\" srcset=\"https:\/\/seminaritaifa.org\/taifa\/wp-content\/uploads\/2018\/06\/9788449331619-1-scaled.jpg 1827w, https:\/\/seminaritaifa.org\/taifa\/wp-content\/uploads\/2018\/06\/9788449331619-1-214x300.jpg 214w, https:\/\/seminaritaifa.org\/taifa\/wp-content\/uploads\/2018\/06\/9788449331619-1-735x1030.jpg 735w, https:\/\/seminaritaifa.org\/taifa\/wp-content\/uploads\/2018\/06\/9788449331619-1-768x1076.jpg 768w, https:\/\/seminaritaifa.org\/taifa\/wp-content\/uploads\/2018\/06\/9788449331619-1-1096x1536.jpg 1096w, https:\/\/seminaritaifa.org\/taifa\/wp-content\/uploads\/2018\/06\/9788449331619-1-1462x2048.jpg 1462w, https:\/\/seminaritaifa.org\/taifa\/wp-content\/uploads\/2018\/06\/9788449331619-1-1071x1500.jpg 1071w, https:\/\/seminaritaifa.org\/taifa\/wp-content\/uploads\/2018\/06\/9788449331619-1-503x705.jpg 503w\" sizes=\"(max-width: 1827px) 100vw, 1827px\" \/><\/a><\/div><\/div><\/div><\/div>\n<div class=\"flex_column av_two_third  flex_column_div av-zero-column-padding   avia-builder-el-2  el_after_av_one_third  avia-builder-el-last  \" style='border-radius:0px; '><section class=\"av_textblock_section \"  itemscope=\"itemscope\" itemtype=\"https:\/\/schema.org\/CreativeWork\" ><div class='avia_textblock  '   itemprop=\"text\" ><h2>\u00bfPara qu\u00e9 sirve realmente la economia?<\/h2>\n<hr \/>\n<p><strong>T\u00edtol:<\/strong> \u00bfPara qu\u00e9 sirve realmente la economia?<br \/>\n<strong>Autors:<\/strong> Miren Etxezarreta.<br \/>\n<strong>Editorial:<\/strong> Ediciones Paidos<br \/>\n<strong>Colecci\u00f3n:<\/strong> \u00bfPara qu\u00e9 sirve&#8230;?<br \/>\n<strong>ISBN:<\/strong> 978-84-460-4086-6<br \/>\n<strong>P\u00e0gines:<\/strong> 256<br \/>\n<strong>Any:<\/strong> 2015<br \/>\n<strong>Preu:<\/strong> 16,00 \u20ac<\/p>\n<hr \/>\n<div><\/div>\n<div><\/div>\n<div><\/div>\n<div><\/div>\n<p>En este libro Miren Etzezarreta nos propone analizarvdesde un\u00a0 punto de vista cr\u00edtico lo que ha sido la esencia de la pr\u00e1ctica delos economista desde que surge como una disciplina aut\u00f3noma.<\/p>\n<p>En la primeraparte del libro, partiendo de la divisi\u00f3n del pensamiento econ\u00f3mico en dos grandes bloques &#8211; Economia Convencional y Econom\u00eda Cr\u00edtica -, la autora explica brevemente las corrientes principales de la Teor\u00eda Econ\u00f3mica Convencioal siguiendolas escuelas b\u00e1sicas (cl\u00e1sicos, neocl\u00e1sicos, keynesianos), as\u00ed como las principales premisas de algunas corrientes de la Econom\u00eda Cr\u00edtica (institucionalistas, sraffianos, postkeynesianos y marxuistas). Y lleva a cabo una evaluaci\u00f3n de la validez de las mismas para interpretasr la evoluci\u00f3n de la econom\u00eda real.<\/p>\n<p>En la segunda parte, la autora pasa revista, desde las premisas dela Econom\u00eda Cr\u00edtica, a la evoluci\u00f3n de la econom\u00eda real en las \u00faltimas d\u00e9cadas y la incidencia en la misma de la preeminencia del mercado, de la pol\u00edtica econ\u00f3mica que se ha llevado a cabo durante este periodo y su relaci\u00f3n con el pensamiento econ\u00f3mico convencional.<\/p>\n<p>Por \u00faltimo, Etxezarreta hace un an\u00e1lisis de la crisisa ctual y de los efectos negativos de la globalizaci\u00f3n y la expansi\u00f3n del capital financiero, para concluir que la econom\u00eda y los economistas tienen un amplio potencial para orientar la econom\u00eda hacia el bien com\u00fan y asumir un papel m\u00e1s comprometido con una sociedad m\u00e1s justa.<\/p>\n<\/div><\/section><\/div>\n","protected":false},"excerpt":{"rendered":"","protected":false},"author":5,"featured_media":57526,"parent":57375,"menu_order":0,"comment_status":"closed","ping_status":"closed","template":"","meta":{"footnotes":""},"class_list":["post-57523","page","type-page","status-publish","has-post-thumbnail","hentry"],"jetpack_sharing_enabled":true,"_links":{"self":[{"href":"https:\/\/seminaritaifa.org\/taifa\/wp-json\/wp\/v2\/pages\/57523","targetHints":{"allow":["GET"]}}],"collection":[{"href":"https:\/\/seminaritaifa.org\/taifa\/wp-json\/wp\/v2\/pages"}],"about":[{"href":"https:\/\/seminaritaifa.org\/taifa\/wp-json\/wp\/v2\/types\/page"}],"author":[{"embeddable":true,"href":"https:\/\/seminaritaifa.org\/taifa\/wp-json\/wp\/v2\/users\/5"}],"replies":[{"embeddable":true,"href":"https:\/\/seminaritaifa.org\/taifa\/wp-json\/wp\/v2\/comments?post=57523"}],"version-history":[{"count":2,"href":"https:\/\/seminaritaifa.org\/taifa\/wp-json\/wp\/v2\/pages\/57523\/revisions"}],"predecessor-version":[{"id":60893,"href":"https:\/\/seminaritaifa.org\/taifa\/wp-json\/wp\/v2\/pages\/57523\/revisions\/60893"}],"up":[{"embeddable":true,"href":"https:\/\/seminaritaifa.org\/taifa\/wp-json\/wp\/v2\/pages\/57375"}],"wp:featuredmedia":[{"embeddable":true,"href":"https:\/\/seminaritaifa.org\/taifa\/wp-json\/wp\/v2\/media\/57526"}],"wp:attachment":[{"href":"https:\/\/seminaritaifa.org\/taifa\/wp-json\/wp\/v2\/media?parent=57523"}],"curies":[{"name":"wp","href":"https:\/\/api.w.org\/{rel}","templated":true}]}}