{"id":57437,"date":"2018-06-23T10:55:47","date_gmt":"2018-06-23T10:55:47","guid":{"rendered":"http:\/\/proves.seminaritaifa.org\/?page_id=57437"},"modified":"2018-06-23T10:55:47","modified_gmt":"2018-06-23T10:55:47","slug":"lhora-dels-voltors","status":"publish","type":"page","link":"https:\/\/seminaritaifa.org\/taifa\/publicacions\/llibres\/lhora-dels-voltors\/","title":{"rendered":"L&#8217;hora dels voltors"},"content":{"rendered":"<div class=\"flex_column av_one_third  flex_column_div av-zero-column-padding first  avia-builder-el-0  el_before_av_two_third  avia-builder-el-first  \" style='border-radius:0px; '><div  class='avia-image-container  av-styling-    avia-builder-el-1  avia-builder-el-no-sibling  avia-align-center '  itemprop=\"image\" itemscope=\"itemscope\" itemtype=\"https:\/\/schema.org\/ImageObject\"  ><div class='avia-image-container-inner'><div class='avia-image-overlay-wrap'><a href='https:\/\/seminaritaifa.org\/taifa\/wp-content\/uploads\/2018\/06\/l-hora-del-voltors.-portada-59705.jpg' class='avia_image'  ><img decoding=\"async\" width=\"250\" height=\"384\" class='wp-image-57438 avia-img-lazy-loading-not-57438 avia_image' src=\"https:\/\/seminaritaifa.org\/taifa\/wp-content\/uploads\/2018\/06\/l-hora-del-voltors.-portada-59705.jpg\" alt='' title='l-hora-del-voltors.-portada-59705'  itemprop=\"thumbnailUrl\" srcset=\"https:\/\/seminaritaifa.org\/taifa\/wp-content\/uploads\/2018\/06\/l-hora-del-voltors.-portada-59705.jpg 250w, https:\/\/seminaritaifa.org\/taifa\/wp-content\/uploads\/2018\/06\/l-hora-del-voltors.-portada-59705-195x300.jpg 195w\" sizes=\"(max-width: 250px) 100vw, 250px\" \/><\/a><\/div><\/div><\/div><\/div>\n<div class=\"flex_column av_two_third  flex_column_div av-zero-column-padding   avia-builder-el-2  el_after_av_one_third  avia-builder-el-last  \" style='border-radius:0px; '><section class=\"av_textblock_section \"  itemscope=\"itemscope\" itemtype=\"https:\/\/schema.org\/CreativeWork\" ><div class='avia_textblock  '   itemprop=\"text\" ><h2>L\u2019hora dels voltors.\u00a0La crisi explicada a una ciutadania estafada.<\/h2>\n<hr \/>\n<p><strong>Titol:<\/strong> L\u2019hora dels voltors.\u00a0La crisi explicada a una ciutadania estafada<br \/>\n<strong>Autor:<\/strong> Josep Manel Busqueta<br \/>\n<strong>Pr\u00f2leg:<\/strong> Miren Etxezarreta<br \/>\n<strong>Editorial:<\/strong> Edicions el Jonc<br \/>\n<strong>Col\u00b7lecci\u00f3:<\/strong> Muixeranga, 13<br \/>\n<strong>P\u00e0gines:<\/strong> 253<br \/>\n<strong>Preu:<\/strong> 15\u20ac<br \/>\n<strong>Preu per a subscriptors\/es:<\/strong> 12,75\u20ac<br \/>\n<strong>ISBN:<\/strong> 978-84-938705-1-5<br \/>\n<strong>Any d\u2019edici\u00f3:<\/strong> abril de 2013<br \/>\n<strong>Mides:<\/strong> 13,5 x 20,5 cm<\/p>\n<hr \/>\n<p>L\u2019hora dels voltors. Qui m\u00e9s qui menys en aquestes al\u00e7ades de la crisi en la qual ens trobem immersos t\u00e9 una idea m\u00e9s o menys formada sobre quines s\u00f3n les funestes conseq\u00fc\u00e8ncies que el fenomen est\u00e0 comportant i que es presenten dia rere dia en forma de retallades en els serveis p\u00fablics i la seva privatitzaci\u00f3, amb draconianes xifres d\u2019atur i pobresa o amb la p\u00e8rdua de drets socials i laborals.<\/p>\n<p>Enumerar les patologies que pateix el malalt \u00e9s tan necessari com diagnosticar les pol\u00edtiques que ens han dut a l\u2019atzucac actual, contextualitzar-les com pertoca, i no a\u00eflladament, i inserir-les en la pr\u00f2pia din\u00e0mica del sistema capitalista esdev\u00e9 un exercici absolutament imprescindible per entendre la veritable naturalesa de les crisis. Una crisi com l\u2019actual no \u00e9s un fenomen natural ni el resultat del comportament pervers de quatre banquers maldestres, sin\u00f3 la conseq\u00fc\u00e8ncia m\u00e9s dram\u00e0tica de les pr\u00f2pies contradiccions del sistema capitalista.<br \/>\nL\u2019hora dels voltors. La crisi explicada a una ciutadania estafada pret\u00e9n posar el focus, de manera did\u00e0ctica i intel\u00b7ligible, a analitzar les raons de la persist\u00e8ncia de la depressi\u00f3 tant des d\u2019un punt de vista global com a escala dels Pa\u00efsos Catalans i mostrar com aquesta crisi s\u2019est\u00e0 convertint en l\u2019excusa perfecta per agenollar tota una societat als peus dels poderosos. A m\u00e9s, per\u00f2, tamb\u00e9 fa m\u00e9s palesa que mai la necessitat inajornable de cercar alternatives a un sistema fracassat, profundament injust i insolidari, per part de totes aquelles persones que aspiren a viure en una societat de persones lliures i a no ser tractades com a mercaderies.<\/p>\n<\/div><\/section><\/div>\n","protected":false},"excerpt":{"rendered":"","protected":false},"author":5,"featured_media":57438,"parent":57375,"menu_order":0,"comment_status":"closed","ping_status":"closed","template":"","meta":{"footnotes":""},"class_list":["post-57437","page","type-page","status-publish","has-post-thumbnail","hentry"],"jetpack_sharing_enabled":true,"_links":{"self":[{"href":"https:\/\/seminaritaifa.org\/taifa\/wp-json\/wp\/v2\/pages\/57437","targetHints":{"allow":["GET"]}}],"collection":[{"href":"https:\/\/seminaritaifa.org\/taifa\/wp-json\/wp\/v2\/pages"}],"about":[{"href":"https:\/\/seminaritaifa.org\/taifa\/wp-json\/wp\/v2\/types\/page"}],"author":[{"embeddable":true,"href":"https:\/\/seminaritaifa.org\/taifa\/wp-json\/wp\/v2\/users\/5"}],"replies":[{"embeddable":true,"href":"https:\/\/seminaritaifa.org\/taifa\/wp-json\/wp\/v2\/comments?post=57437"}],"version-history":[{"count":0,"href":"https:\/\/seminaritaifa.org\/taifa\/wp-json\/wp\/v2\/pages\/57437\/revisions"}],"up":[{"embeddable":true,"href":"https:\/\/seminaritaifa.org\/taifa\/wp-json\/wp\/v2\/pages\/57375"}],"wp:featuredmedia":[{"embeddable":true,"href":"https:\/\/seminaritaifa.org\/taifa\/wp-json\/wp\/v2\/media\/57438"}],"wp:attachment":[{"href":"https:\/\/seminaritaifa.org\/taifa\/wp-json\/wp\/v2\/media?parent=57437"}],"curies":[{"name":"wp","href":"https:\/\/api.w.org\/{rel}","templated":true}]}}